{"id":185,"date":"2024-03-29T13:14:23","date_gmt":"2024-03-29T13:14:23","guid":{"rendered":"https:\/\/prodcar.nl\/product\/fluidcheckup-deux-roues\/"},"modified":"2024-04-27T10:45:23","modified_gmt":"2024-04-27T10:45:23","slug":"fluidcheckup-deux-roues","status":"publish","type":"product","link":"https:\/\/prodcar.nl\/fr\/produit\/fluidcheckup-deux-roues\/","title":{"rendered":"FLUIDcheckUP \u00ab\u00a0Moto\u00a0\u00bb"},"content":{"rendered":"<p>MOTORcheckUP est un syst\u00e8me de diagnostic simple, rapide et s\u00fbr pour tester l&rsquo;\u00e9tat de sant\u00e9 de tous les moteurs diesel ou essence 4 temps. Retirer la jauge d&rsquo;huile et d\u00e9poser une goutte d&rsquo;huile moteur sur la carte de test. Et vous \u00eates pr\u00eats La goutte d&rsquo;huile se transforme en image. Comparez les r\u00e9sultats de la carte de test avec les illustrations de la brochure de r\u00e9f\u00e9rence fournie. Vous obtiendrez un premier r\u00e9sultat apr\u00e8s 15 \u00e0 30 minutes.<\/p>\n<p>Analyses MOTORcheckUP :<\/p>\n<ul>\n<li>Contamination du moteur<\/li>\n<li>\u00c9tat de l&rsquo;huile moteur<\/li>\n<li>Eau \/ eau de refroidissement dans l&rsquo;huile moteur<\/li>\n<li>Carburant dans l&rsquo;huile moteur<\/li>\n<\/ul>\n<p>Les r\u00e9sultats du test indiquent les causes et les cons\u00e9quences possibles et vous donnent une recommandation sur les \u00e9ventuelles mesures de suivi.<\/p>\n","protected":false},"excerpt":{"rendered":"<p>\u00ab\u00a0Moto\u00a0\u00bb<\/p>\n<p>FLUIDcheckUP \u00ab\u00a0Deux-roues\u00a0\u00bbest un syst\u00e8me de diagnostic simple et fiable pour motos et scooters \u00e9quip\u00e9s d&rsquo;un moteur 4 temps. Il explore l&rsquo;\u00e9tat du moteur et des freins. 2 tests en 1 set.<br \/>\nLe d\u00e9p\u00f4t d&rsquo;une goutte d&rsquo;huile de moteur sur la feuille de test est suffisant pour d\u00e9terminer rapidement s&rsquo;il est possible que des anomalies qui puissent provoquer des d\u00e9g\u00e2ts soient pr\u00e9sentes. Une goutte de liquide de freinage d\u00e9pos\u00e9 sur la seconde feuille de test suffit \u00e0 d\u00e9terminer l&rsquo;\u00e9tat de l&rsquo;huile de frein.<\/p>\n<p>Il est fiable, rapide et simple, utilisez les illustrations fournies dans la brochure pour former un diagnostic depuis les r\u00e9sultats et d\u00e9terminer l&rsquo;\u00e9tat de l&rsquo;huile moteur et de la s\u00e9curit\u00e9 du syst\u00e8me de freinage.<\/p>\n<p>Le test MOTORcheck se compose des segments suivants :<\/p>\n<ul>\n<li>1x FLUIDcheckUP\u00a0 Moto (testez l&rsquo;huile moteur et le liquide de freinage)<\/li>\n<li>D\u00e9pliant, brochure, stencil<\/li>\n<li>Manuel d&rsquo;instructions<\/li>\n<li>Soutien<\/li>\n<\/ul>\n","protected":false},"featured_media":65,"comment_status":"open","ping_status":"closed","template":"","meta":{"_et_pb_use_builder":"","_et_pb_old_content":"","_et_gb_content_width":""},"product_brand":[],"product_cat":[39],"product_tag":[],"class_list":{"0":"post-185","1":"product","2":"type-product","3":"status-publish","4":"has-post-thumbnail","6":"product_cat-fluidcheckup-fr","8":"first","9":"instock","10":"taxable","11":"shipping-taxable","12":"purchasable","13":"product-type-simple"},"yoast_head":"<!-- This site is optimized with the Yoast SEO plugin v26.7 - https:\/\/yoast.com\/wordpress\/plugins\/seo\/ -->\n<title>FLUIDcheckUP &quot;Moto&quot; - Prodcar<\/title>\n<meta name=\"robots\" content=\"index, follow, max-snippet:-1, max-image-preview:large, max-video-preview:-1\" \/>\n<link rel=\"canonical\" href=\"https:\/\/prodcar.nl\/fr\/produit\/fluidcheckup-deux-roues\/\" \/>\n<meta property=\"og:locale\" content=\"fr_FR\" \/>\n<meta property=\"og:type\" content=\"article\" \/>\n<meta property=\"og:title\" content=\"FLUIDcheckUP &quot;Moto&quot; - Prodcar\" \/>\n<meta property=\"og:description\" content=\"&quot;Moto&quot;  FLUIDcheckUP &quot;Deux-roues&quot;est un syst\u00e8me de diagnostic simple et fiable pour motos et scooters \u00e9quip\u00e9s d&#039;un moteur 4 temps. Il explore l&#039;\u00e9tat du moteur et des freins. 2 tests en 1 set. Le d\u00e9p\u00f4t d&#039;une goutte d&#039;huile de moteur sur la feuille de test est suffisant pour d\u00e9terminer rapidement s&#039;il est possible que des anomalies qui puissent provoquer des d\u00e9g\u00e2ts soient pr\u00e9sentes. Une goutte de liquide de freinage d\u00e9pos\u00e9 sur la seconde feuille de test suffit \u00e0 d\u00e9terminer l&#039;\u00e9tat de l&#039;huile de frein.  Il est fiable, rapide et simple, utilisez les illustrations fournies dans la brochure pour former un diagnostic depuis les r\u00e9sultats et d\u00e9terminer l&#039;\u00e9tat de l&#039;huile moteur et de la s\u00e9curit\u00e9 du syst\u00e8me de freinage.  Le test MOTORcheck se compose des segments suivants :   1x FLUIDcheckUP\u00a0 Moto (testez l&#039;huile moteur et le liquide de freinage)  D\u00e9pliant, brochure, stencil  Manuel d&#039;instructions  Soutien\" \/>\n<meta property=\"og:url\" content=\"https:\/\/prodcar.nl\/fr\/produit\/fluidcheckup-deux-roues\/\" \/>\n<meta property=\"og:site_name\" content=\"Prodcar\" \/>\n<meta property=\"article:modified_time\" content=\"2024-04-27T10:45:23+00:00\" \/>\n<meta property=\"og:image\" content=\"https:\/\/prodcar.nl\/wp-content\/uploads\/2024\/03\/diagnose-test-motoren-en-scooters-4-takt-motor.jpg\" \/>\n\t<meta property=\"og:image:width\" content=\"500\" \/>\n\t<meta property=\"og:image:height\" content=\"500\" \/>\n\t<meta property=\"og:image:type\" content=\"image\/jpeg\" \/>\n<meta name=\"twitter:card\" content=\"summary_large_image\" \/>\n<meta name=\"twitter:label1\" content=\"Dur\u00e9e de lecture estim\u00e9e\" \/>\n\t<meta name=\"twitter:data1\" content=\"1 minute\" \/>\n<script type=\"application\/ld+json\" class=\"yoast-schema-graph\">{\"@context\":\"https:\/\/schema.org\",\"@graph\":[{\"@type\":\"WebPage\",\"@id\":\"https:\/\/prodcar.nl\/fr\/produit\/fluidcheckup-deux-roues\/\",\"url\":\"https:\/\/prodcar.nl\/fr\/produit\/fluidcheckup-deux-roues\/\",\"name\":\"FLUIDcheckUP \\\"Moto\\\" - Prodcar\",\"isPartOf\":{\"@id\":\"https:\/\/prodcar.nl\/fr\/#website\"},\"primaryImageOfPage\":{\"@id\":\"https:\/\/prodcar.nl\/fr\/produit\/fluidcheckup-deux-roues\/#primaryimage\"},\"image\":{\"@id\":\"https:\/\/prodcar.nl\/fr\/produit\/fluidcheckup-deux-roues\/#primaryimage\"},\"thumbnailUrl\":\"https:\/\/prodcar.nl\/wp-content\/uploads\/2024\/03\/diagnose-test-motoren-en-scooters-4-takt-motor.jpg\",\"datePublished\":\"2024-03-29T13:14:23+00:00\",\"dateModified\":\"2024-04-27T10:45:23+00:00\",\"breadcrumb\":{\"@id\":\"https:\/\/prodcar.nl\/fr\/produit\/fluidcheckup-deux-roues\/#breadcrumb\"},\"inLanguage\":\"fr-FR\",\"potentialAction\":[{\"@type\":\"ReadAction\",\"target\":[\"https:\/\/prodcar.nl\/fr\/produit\/fluidcheckup-deux-roues\/\"]}]},{\"@type\":\"ImageObject\",\"inLanguage\":\"fr-FR\",\"@id\":\"https:\/\/prodcar.nl\/fr\/produit\/fluidcheckup-deux-roues\/#primaryimage\",\"url\":\"https:\/\/prodcar.nl\/wp-content\/uploads\/2024\/03\/diagnose-test-motoren-en-scooters-4-takt-motor.jpg\",\"contentUrl\":\"https:\/\/prodcar.nl\/wp-content\/uploads\/2024\/03\/diagnose-test-motoren-en-scooters-4-takt-motor.jpg\",\"width\":500,\"height\":500,\"caption\":\"test de diagnostic motos et scooters moteur 4 temps\"},{\"@type\":\"BreadcrumbList\",\"@id\":\"https:\/\/prodcar.nl\/fr\/produit\/fluidcheckup-deux-roues\/#breadcrumb\",\"itemListElement\":[{\"@type\":\"ListItem\",\"position\":1,\"name\":\"Home\",\"item\":\"https:\/\/prodcar.nl\/fr\/decouvrez-les-meilleurs-motor-tests-pour-votre-voiture\/\"},{\"@type\":\"ListItem\",\"position\":2,\"name\":\"Boutique\",\"item\":\"https:\/\/prodcar.nl\/fr\/boutique\/\"},{\"@type\":\"ListItem\",\"position\":3,\"name\":\"FLUIDcheckUP &#8220;Moto&#8221;\"}]},{\"@type\":\"WebSite\",\"@id\":\"https:\/\/prodcar.nl\/fr\/#website\",\"url\":\"https:\/\/prodcar.nl\/fr\/\",\"name\":\"Prodcar\",\"description\":\"\",\"publisher\":{\"@id\":\"https:\/\/prodcar.nl\/fr\/#organization\"},\"potentialAction\":[{\"@type\":\"SearchAction\",\"target\":{\"@type\":\"EntryPoint\",\"urlTemplate\":\"https:\/\/prodcar.nl\/fr\/?s={search_term_string}\"},\"query-input\":{\"@type\":\"PropertyValueSpecification\",\"valueRequired\":true,\"valueName\":\"search_term_string\"}}],\"inLanguage\":\"fr-FR\"},{\"@type\":\"Organization\",\"@id\":\"https:\/\/prodcar.nl\/fr\/#organization\",\"name\":\"Prodcar\",\"url\":\"https:\/\/prodcar.nl\/fr\/\",\"logo\":{\"@type\":\"ImageObject\",\"inLanguage\":\"fr-FR\",\"@id\":\"https:\/\/prodcar.nl\/fr\/#\/schema\/logo\/image\/\",\"url\":\"https:\/\/prodcar.nl\/wp-content\/uploads\/2024\/04\/cropped-Prodcar-logo-1.png\",\"contentUrl\":\"https:\/\/prodcar.nl\/wp-content\/uploads\/2024\/04\/cropped-Prodcar-logo-1.png\",\"width\":319,\"height\":102,\"caption\":\"Prodcar\"},\"image\":{\"@id\":\"https:\/\/prodcar.nl\/fr\/#\/schema\/logo\/image\/\"}}]}<\/script>\n<!-- \/ Yoast SEO plugin. -->","yoast_head_json":{"title":"FLUIDcheckUP \"Moto\" - Prodcar","robots":{"index":"index","follow":"follow","max-snippet":"max-snippet:-1","max-image-preview":"max-image-preview:large","max-video-preview":"max-video-preview:-1"},"canonical":"https:\/\/prodcar.nl\/fr\/produit\/fluidcheckup-deux-roues\/","og_locale":"fr_FR","og_type":"article","og_title":"FLUIDcheckUP \"Moto\" - Prodcar","og_description":"\"Moto\"  FLUIDcheckUP \"Deux-roues\"est un syst\u00e8me de diagnostic simple et fiable pour motos et scooters \u00e9quip\u00e9s d'un moteur 4 temps. Il explore l'\u00e9tat du moteur et des freins. 2 tests en 1 set. Le d\u00e9p\u00f4t d'une goutte d'huile de moteur sur la feuille de test est suffisant pour d\u00e9terminer rapidement s'il est possible que des anomalies qui puissent provoquer des d\u00e9g\u00e2ts soient pr\u00e9sentes. Une goutte de liquide de freinage d\u00e9pos\u00e9 sur la seconde feuille de test suffit \u00e0 d\u00e9terminer l'\u00e9tat de l'huile de frein.  Il est fiable, rapide et simple, utilisez les illustrations fournies dans la brochure pour former un diagnostic depuis les r\u00e9sultats et d\u00e9terminer l'\u00e9tat de l'huile moteur et de la s\u00e9curit\u00e9 du syst\u00e8me de freinage.  Le test MOTORcheck se compose des segments suivants :   1x FLUIDcheckUP\u00a0 Moto (testez l'huile moteur et le liquide de freinage)  D\u00e9pliant, brochure, stencil  Manuel d'instructions  Soutien","og_url":"https:\/\/prodcar.nl\/fr\/produit\/fluidcheckup-deux-roues\/","og_site_name":"Prodcar","article_modified_time":"2024-04-27T10:45:23+00:00","og_image":[{"width":500,"height":500,"url":"https:\/\/prodcar.nl\/wp-content\/uploads\/2024\/03\/diagnose-test-motoren-en-scooters-4-takt-motor.jpg","type":"image\/jpeg"}],"twitter_card":"summary_large_image","twitter_misc":{"Dur\u00e9e de lecture estim\u00e9e":"1 minute"},"schema":{"@context":"https:\/\/schema.org","@graph":[{"@type":"WebPage","@id":"https:\/\/prodcar.nl\/fr\/produit\/fluidcheckup-deux-roues\/","url":"https:\/\/prodcar.nl\/fr\/produit\/fluidcheckup-deux-roues\/","name":"FLUIDcheckUP \"Moto\" - Prodcar","isPartOf":{"@id":"https:\/\/prodcar.nl\/fr\/#website"},"primaryImageOfPage":{"@id":"https:\/\/prodcar.nl\/fr\/produit\/fluidcheckup-deux-roues\/#primaryimage"},"image":{"@id":"https:\/\/prodcar.nl\/fr\/produit\/fluidcheckup-deux-roues\/#primaryimage"},"thumbnailUrl":"https:\/\/prodcar.nl\/wp-content\/uploads\/2024\/03\/diagnose-test-motoren-en-scooters-4-takt-motor.jpg","datePublished":"2024-03-29T13:14:23+00:00","dateModified":"2024-04-27T10:45:23+00:00","breadcrumb":{"@id":"https:\/\/prodcar.nl\/fr\/produit\/fluidcheckup-deux-roues\/#breadcrumb"},"inLanguage":"fr-FR","potentialAction":[{"@type":"ReadAction","target":["https:\/\/prodcar.nl\/fr\/produit\/fluidcheckup-deux-roues\/"]}]},{"@type":"ImageObject","inLanguage":"fr-FR","@id":"https:\/\/prodcar.nl\/fr\/produit\/fluidcheckup-deux-roues\/#primaryimage","url":"https:\/\/prodcar.nl\/wp-content\/uploads\/2024\/03\/diagnose-test-motoren-en-scooters-4-takt-motor.jpg","contentUrl":"https:\/\/prodcar.nl\/wp-content\/uploads\/2024\/03\/diagnose-test-motoren-en-scooters-4-takt-motor.jpg","width":500,"height":500,"caption":"test de diagnostic motos et scooters moteur 4 temps"},{"@type":"BreadcrumbList","@id":"https:\/\/prodcar.nl\/fr\/produit\/fluidcheckup-deux-roues\/#breadcrumb","itemListElement":[{"@type":"ListItem","position":1,"name":"Home","item":"https:\/\/prodcar.nl\/fr\/decouvrez-les-meilleurs-motor-tests-pour-votre-voiture\/"},{"@type":"ListItem","position":2,"name":"Boutique","item":"https:\/\/prodcar.nl\/fr\/boutique\/"},{"@type":"ListItem","position":3,"name":"FLUIDcheckUP &#8220;Moto&#8221;"}]},{"@type":"WebSite","@id":"https:\/\/prodcar.nl\/fr\/#website","url":"https:\/\/prodcar.nl\/fr\/","name":"Prodcar","description":"","publisher":{"@id":"https:\/\/prodcar.nl\/fr\/#organization"},"potentialAction":[{"@type":"SearchAction","target":{"@type":"EntryPoint","urlTemplate":"https:\/\/prodcar.nl\/fr\/?s={search_term_string}"},"query-input":{"@type":"PropertyValueSpecification","valueRequired":true,"valueName":"search_term_string"}}],"inLanguage":"fr-FR"},{"@type":"Organization","@id":"https:\/\/prodcar.nl\/fr\/#organization","name":"Prodcar","url":"https:\/\/prodcar.nl\/fr\/","logo":{"@type":"ImageObject","inLanguage":"fr-FR","@id":"https:\/\/prodcar.nl\/fr\/#\/schema\/logo\/image\/","url":"https:\/\/prodcar.nl\/wp-content\/uploads\/2024\/04\/cropped-Prodcar-logo-1.png","contentUrl":"https:\/\/prodcar.nl\/wp-content\/uploads\/2024\/04\/cropped-Prodcar-logo-1.png","width":319,"height":102,"caption":"Prodcar"},"image":{"@id":"https:\/\/prodcar.nl\/fr\/#\/schema\/logo\/image\/"}}]}},"_links":{"self":[{"href":"https:\/\/prodcar.nl\/fr\/wp-json\/wp\/v2\/product\/185","targetHints":{"allow":["GET"]}}],"collection":[{"href":"https:\/\/prodcar.nl\/fr\/wp-json\/wp\/v2\/product"}],"about":[{"href":"https:\/\/prodcar.nl\/fr\/wp-json\/wp\/v2\/types\/product"}],"replies":[{"embeddable":true,"href":"https:\/\/prodcar.nl\/fr\/wp-json\/wp\/v2\/comments?post=185"}],"wp:featuredmedia":[{"embeddable":true,"href":"https:\/\/prodcar.nl\/fr\/wp-json\/wp\/v2\/media\/65"}],"wp:attachment":[{"href":"https:\/\/prodcar.nl\/fr\/wp-json\/wp\/v2\/media?parent=185"}],"wp:term":[{"taxonomy":"product_brand","embeddable":true,"href":"https:\/\/prodcar.nl\/fr\/wp-json\/wp\/v2\/product_brand?post=185"},{"taxonomy":"product_cat","embeddable":true,"href":"https:\/\/prodcar.nl\/fr\/wp-json\/wp\/v2\/product_cat?post=185"},{"taxonomy":"product_tag","embeddable":true,"href":"https:\/\/prodcar.nl\/fr\/wp-json\/wp\/v2\/product_tag?post=185"}],"curies":[{"name":"wp","href":"https:\/\/api.w.org\/{rel}","templated":true}]}}